{"id":49,"date":"2017-01-10T20:21:59","date_gmt":"2017-01-10T19:21:59","guid":{"rendered":"http:\/\/www.hotel-bitov.cz\/?page_id=49"},"modified":"2024-02-08T14:48:53","modified_gmt":"2024-02-08T13:48:53","slug":"degustace","status":"publish","type":"page","link":"https:\/\/www.hotel-bitov.cz\/?page_id=49","title":{"rendered":"degustace"},"content":{"rendered":"<p><strong>Nab\u00edz\u00edme mo\u017enost ochutn\u00e1vky vybran\u00fdch vzork\u016f v\u00edn dle vlastn\u00edho v\u00fdb\u011bru nebo na doporu\u010den\u00ed na\u0161eho sommeliera.<\/strong><\/p>\n<p><span style=\"color: #993300;\"><strong>Cen\u00edk z\u00e1kladn\u00ed degustace s v\u00fdkladem sommeliera:<\/strong><\/span><\/p>\n<p><strong>Pro 1 osobu pokud je v\u00edce ne\u017e 10 osob.<\/strong><\/p>\n<ul>\n<li>&nbsp;degustace 7 vzork\u016f &#8211; cena 420 K\u010d\/1 osoba\u200b<\/li>\n<li>&nbsp;degustace 10 vzork\u016f &#8211; cena 600 K\u010d\/1 osoba<\/li>\n<li>&nbsp;degustace 10 vzork\u016f s n\u00e1slednou neomezenou konzumac\u00ed &#8211; cena 900,-\/1 osoba<\/li>\n<li>&nbsp;degusta\u010dn\u00ed sousto 100 g s\u00fdr a chl\u00e9b &#8211; v cen\u011b degustace<\/li>\n<li>&nbsp;voda k degustaci&nbsp; &#8211; v cen\u011b degustace<\/li>\n<\/ul>\n<p><strong>Pro skupiny 1 &#8211; 10 osob:<\/strong><\/p>\n<ul>\n<li>&nbsp;1 &#8211; 10 osob \/ pau\u0161\u00e1l 6000 K\u010d za skupinu &#8211; 7 vzork\u016f, v\u010detn\u011b degusta\u010dn\u00edho sousta a vody k degustaci<\/li>\n<li>&nbsp;1 &#8211; 10 osob \/ pau\u0161\u00e1l 9000 K\u010d za skupinu &#8211; 10 vzork\u016f, v\u010detn\u011b degusta\u010dn\u00edho sousta a vody k degustaci<\/li>\n<\/ul>\n<p>&nbsp;<\/p>\n","protected":false},"excerpt":{"rendered":"<p>Nab\u00edz\u00edme mo\u017enost ochutn\u00e1vky vybran\u00fdch vzork\u016f v\u00edn dle vlastn\u00edho v\u00fdb\u011bru nebo na doporu\u010den\u00ed na\u0161eho sommeliera. Cen\u00edk z\u00e1kladn\u00ed degustace s v\u00fdkladem sommeliera: Pro 1 osobu pokud je v\u00edce ne\u017e 10 osob. &nbsp;degustace 7 vzork\u016f &#8211; cena&#46;&#46;&#46;<\/p>\n","protected":false},"author":1,"featured_media":806,"parent":27,"menu_order":3,"comment_status":"closed","ping_status":"closed","template":"","meta":{"ngg_post_thumbnail":0,"_monsterinsights_skip_tracking":false,"_monsterinsights_sitenote_active":false,"_monsterinsights_sitenote_note":"","_monsterinsights_sitenote_category":0,"footnotes":""},"class_list":["post-49","page","type-page","status-publish","has-post-thumbnail","hentry"],"_links":{"self":[{"href":"https:\/\/www.hotel-bitov.cz\/index.php?rest_route=\/wp\/v2\/pages\/49","targetHints":{"allow":["GET"]}}],"collection":[{"href":"https:\/\/www.hotel-bitov.cz\/index.php?rest_route=\/wp\/v2\/pages"}],"about":[{"href":"https:\/\/www.hotel-bitov.cz\/index.php?rest_route=\/wp\/v2\/types\/page"}],"author":[{"embeddable":true,"href":"https:\/\/www.hotel-bitov.cz\/index.php?rest_route=\/wp\/v2\/users\/1"}],"replies":[{"embeddable":true,"href":"https:\/\/www.hotel-bitov.cz\/index.php?rest_route=%2Fwp%2Fv2%2Fcomments&post=49"}],"version-history":[{"count":7,"href":"https:\/\/www.hotel-bitov.cz\/index.php?rest_route=\/wp\/v2\/pages\/49\/revisions"}],"predecessor-version":[{"id":1948,"href":"https:\/\/www.hotel-bitov.cz\/index.php?rest_route=\/wp\/v2\/pages\/49\/revisions\/1948"}],"up":[{"embeddable":true,"href":"https:\/\/www.hotel-bitov.cz\/index.php?rest_route=\/wp\/v2\/pages\/27"}],"wp:featuredmedia":[{"embeddable":true,"href":"https:\/\/www.hotel-bitov.cz\/index.php?rest_route=\/wp\/v2\/media\/806"}],"wp:attachment":[{"href":"https:\/\/www.hotel-bitov.cz\/index.php?rest_route=%2Fwp%2Fv2%2Fmedia&parent=49"}],"curies":[{"name":"wp","href":"https:\/\/api.w.org\/{rel}","templated":true}]}}