{"id":39,"date":"2017-01-10T20:13:32","date_gmt":"2017-01-10T19:13:32","guid":{"rendered":"http:\/\/www.hotel-bitov.cz\/?page_id=39"},"modified":"2024-06-01T12:48:21","modified_gmt":"2024-06-01T10:48:21","slug":"bar","status":"publish","type":"page","link":"https:\/\/www.hotel-bitov.cz\/?page_id=39","title":{"rendered":"KULTURN\u00cd L\u00c9TO"},"content":{"rendered":"<table style=\"border-collapse: collapse; width: 100%;\" border=\"1\">\n<tbody>\n<tr style=\"height: 243px;\">\n<td style=\"width: 100%; height: 243px;\"><img fetchpriority=\"high\" decoding=\"async\" class=\"alignnone size-full wp-image-1807\" src=\"http:\/\/www.hotel-bitov.cz\/wp-content\/uploads\/2023\/02\/areal.jpg\" alt=\"\" width=\"2048\" height=\"1150\" srcset=\"https:\/\/www.hotel-bitov.cz\/wp-content\/uploads\/2023\/02\/areal.jpg 2048w, https:\/\/www.hotel-bitov.cz\/wp-content\/uploads\/2023\/02\/areal-1200x674.jpg 1200w, https:\/\/www.hotel-bitov.cz\/wp-content\/uploads\/2023\/02\/areal-1692x950.jpg 1692w, https:\/\/www.hotel-bitov.cz\/wp-content\/uploads\/2023\/02\/areal-1536x863.jpg 1536w\" sizes=\"(max-width: 2048px) 100vw, 2048px\" \/><\/td>\n<\/tr>\n<\/tbody>\n<\/table>\n<p>Zveme V\u00e1s na Kulturn\u00ed l\u00e9to na Hotelu B\u00edtov. Op\u011bt nab\u00eddneme kulturn\u00ed vystoupen\u00ed na na\u0161em p\u00f3diu pod \u0161ir\u00fdm nebem v zahradn\u00edm are\u00e1lu za hotelem.&nbsp; Vstupenky na jednotliv\u00e1 p\u0159edstaven\u00ed a koncerty je mo\u017en\u00e9 zakoupit na recepci hotelu, prost\u0159ednictv\u00edm na\u0161ich str\u00e1nek nebo na port\u00e1lu SMS TIKET.<br \/>\n<iframe src=\"https:\/\/www.smsticket.cz\/api\/widgets\/iframe?promoter=2552\" width=\"500\" height=\"325\" frameborder=\"0\" scrolling=\"auto\"><\/iframe><\/p>\n","protected":false},"excerpt":{"rendered":"<p>Zveme V\u00e1s na Kulturn\u00ed l\u00e9to na Hotelu B\u00edtov. Op\u011bt nab\u00eddneme kulturn\u00ed vystoupen\u00ed na na\u0161em p\u00f3diu pod \u0161ir\u00fdm nebem v zahradn\u00edm are\u00e1lu za hotelem.&nbsp; Vstupenky na jednotliv\u00e1 p\u0159edstaven\u00ed a koncerty je mo\u017en\u00e9 zakoupit na recepci&#46;&#46;&#46;<\/p>\n","protected":false},"author":1,"featured_media":1807,"parent":0,"menu_order":0,"comment_status":"closed","ping_status":"closed","template":"","meta":{"ngg_post_thumbnail":0,"_monsterinsights_skip_tracking":false,"_monsterinsights_sitenote_active":false,"_monsterinsights_sitenote_note":"","_monsterinsights_sitenote_category":0,"footnotes":""},"class_list":["post-39","page","type-page","status-publish","has-post-thumbnail","hentry"],"_links":{"self":[{"href":"https:\/\/www.hotel-bitov.cz\/index.php?rest_route=\/wp\/v2\/pages\/39","targetHints":{"allow":["GET"]}}],"collection":[{"href":"https:\/\/www.hotel-bitov.cz\/index.php?rest_route=\/wp\/v2\/pages"}],"about":[{"href":"https:\/\/www.hotel-bitov.cz\/index.php?rest_route=\/wp\/v2\/types\/page"}],"author":[{"embeddable":true,"href":"https:\/\/www.hotel-bitov.cz\/index.php?rest_route=\/wp\/v2\/users\/1"}],"replies":[{"embeddable":true,"href":"https:\/\/www.hotel-bitov.cz\/index.php?rest_route=%2Fwp%2Fv2%2Fcomments&post=39"}],"version-history":[{"count":10,"href":"https:\/\/www.hotel-bitov.cz\/index.php?rest_route=\/wp\/v2\/pages\/39\/revisions"}],"predecessor-version":[{"id":172,"href":"https:\/\/www.hotel-bitov.cz\/index.php?rest_route=\/wp\/v2\/pages\/39\/revisions\/172"}],"wp:featuredmedia":[{"embeddable":true,"href":"https:\/\/www.hotel-bitov.cz\/index.php?rest_route=\/wp\/v2\/media\/1807"}],"wp:attachment":[{"href":"https:\/\/www.hotel-bitov.cz\/index.php?rest_route=%2Fwp%2Fv2%2Fmedia&parent=39"}],"curies":[{"name":"wp","href":"https:\/\/api.w.org\/{rel}","templated":true}]}}