{"id":331,"date":"2017-03-22T12:34:41","date_gmt":"2017-03-22T11:34:41","guid":{"rendered":"http:\/\/www.hotel-bitov.cz\/?page_id=331"},"modified":"2020-05-11T22:03:18","modified_gmt":"2020-05-11T20:03:18","slug":"rezervace","status":"publish","type":"page","link":"https:\/\/www.hotel-bitov.cz\/?page_id=331","title":{"rendered":"REZERVACE"},"content":{"rendered":"<pre><strong><span style=\"color: #800000;\">Na z\u00e1klad\u011b Va\u0161\u00ed popt\u00e1vky V\u00e1s bude kontaktovat pracovn\u00edk recepce s nab\u00eddkou.<\/span><\/strong> \r\n<strong><span style=\"color: #800000;\">Pro rezervaci ubytov\u00e1n\u00ed nebo informace <\/span><\/strong><strong><span style=\"color: #800000;\">volejte&nbsp; +420 607 874 922<\/span><\/strong> \r\n<strong><span style=\"color: #800000;\">nebo za\u0161lete n\u00ed\u017ee vypln\u011bn\u00fd formul\u00e1\u0159.<\/span><\/strong><\/pre>\n<div role=\"form\" class=\"wpcf7\" id=\"wpcf7-f326-o1\" lang=\"cs-CZ\" dir=\"ltr\">\n<div class=\"screen-reader-response\" role=\"alert\" aria-live=\"polite\"><\/div>\n<form action=\"\/index.php?rest_route=%2Fwp%2Fv2%2Fpages%2F331#wpcf7-f326-o1\" method=\"post\" class=\"wpcf7-form init\" novalidate=\"novalidate\">\n<div style=\"display: none;\">\n<input type=\"hidden\" name=\"_wpcf7\" value=\"326\" \/>\n<input type=\"hidden\" name=\"_wpcf7_version\" value=\"5.2.2\" \/>\n<input type=\"hidden\" name=\"_wpcf7_locale\" value=\"cs_CZ\" \/>\n<input type=\"hidden\" name=\"_wpcf7_unit_tag\" value=\"wpcf7-f326-o1\" \/>\n<input type=\"hidden\" name=\"_wpcf7_container_post\" value=\"0\" \/>\n<input type=\"hidden\" name=\"_wpcf7_posted_data_hash\" value=\"\" \/>\n<\/div>\n<p><label> Va\u0161e jm\u00e9no (vy\u017eadov\u00e1no)<br \/>\n    <span class=\"wpcf7-form-control-wrap your-name\"><input type=\"text\" name=\"your-name\" value=\"\" size=\"40\" class=\"wpcf7-form-control wpcf7-text wpcf7-validates-as-required\" aria-required=\"true\" aria-invalid=\"false\" \/><\/span> <\/label><\/p>\n<p><label> Va\u0161 telefon (vy\u017eadov\u00e1no)<br \/>\n    <span class=\"wpcf7-form-control-wrap tel-671\"><input type=\"tel\" name=\"tel-671\" value=\"\" size=\"40\" class=\"wpcf7-form-control wpcf7-text wpcf7-tel wpcf7-validates-as-required wpcf7-validates-as-tel\" aria-required=\"true\" aria-invalid=\"false\" \/><\/span>  <\/label><\/p>\n<p><label> V\u00e1\u0161 e-mail (vy\u017eadov\u00e1no)<br \/>\n    <span class=\"wpcf7-form-control-wrap your-email\"><input type=\"email\" name=\"your-email\" value=\"\" size=\"40\" class=\"wpcf7-form-control wpcf7-text wpcf7-email wpcf7-validates-as-required wpcf7-validates-as-email\" aria-required=\"true\" aria-invalid=\"false\" \/><\/span> <\/label><\/p>\n<p><label> Datum p\u0159\u00edjezdu<br \/>\n    <span class=\"wpcf7-form-control-wrap date-19\"><input type=\"date\" name=\"date-19\" value=\"\" class=\"wpcf7-form-control wpcf7-date wpcf7-validates-as-date\" aria-invalid=\"false\" \/><\/span> <\/label> <\/p>\n<p><label> Po\u010det noc\u00ed<br \/>\n    <span class=\"wpcf7-form-control-wrap number-132\"><input type=\"number\" name=\"number-132\" value=\"\" class=\"wpcf7-form-control wpcf7-number wpcf7-validates-as-number\" min=\"1\" max=\"10\" aria-invalid=\"false\" \/><\/span> <\/label><\/p>\n<p><label> Typ pokoje<br \/>\n    <span class=\"wpcf7-form-control-wrap menu-872\"><select name=\"menu-872\" class=\"wpcf7-form-control wpcf7-select\" aria-invalid=\"false\"><option value=\"dvoul\u016f\u017ekov\u00fd (1 osoba)\">dvoul\u016f\u017ekov\u00fd (1 osoba)<\/option><option value=\"dvoul\u016f\u017ekov\u00fd (2 osoby)\">dvoul\u016f\u017ekov\u00fd (2 osoby)<\/option><option value=\"t\u0159\u00edl\u016f\u017ekov\u00fd\">t\u0159\u00edl\u016f\u017ekov\u00fd<\/option><option value=\"\u010dty\u0159l\u016f\u017ekov\u00fd\">\u010dty\u0159l\u016f\u017ekov\u00fd<\/option><option value=\"rodinn\u00fd apartm\u00e1n\">rodinn\u00fd apartm\u00e1n<\/option><\/select><\/span>  <\/label><\/p>\n<p><label> Va\u0161e zpr\u00e1va<br \/>\n    <span class=\"wpcf7-form-control-wrap your-message\"><textarea name=\"your-message\" cols=\"40\" rows=\"10\" class=\"wpcf7-form-control wpcf7-textarea\" aria-invalid=\"false\"><\/textarea><\/span> <\/label><\/p>\n<p><input type=\"submit\" value=\"Odeslat\" class=\"wpcf7-form-control wpcf7-submit\" \/><\/p>\n<div class=\"wpcf7-response-output\" role=\"alert\" aria-hidden=\"true\"><\/div><\/form><\/div>\n","protected":false},"excerpt":{"rendered":"<p>Na z\u00e1klad\u011b Va\u0161\u00ed popt\u00e1vky V\u00e1s bude kontaktovat pracovn\u00edk recepce s nab\u00eddkou. Pro rezervaci ubytov\u00e1n\u00ed nebo informace volejte&nbsp; +420 607 874 922 nebo za\u0161lete n\u00ed\u017ee vypln\u011bn\u00fd formul\u00e1\u0159.<\/p>\n","protected":false},"author":1,"featured_media":0,"parent":0,"menu_order":0,"comment_status":"closed","ping_status":"closed","template":"","meta":{"ngg_post_thumbnail":0,"_monsterinsights_skip_tracking":false,"_monsterinsights_sitenote_active":false,"_monsterinsights_sitenote_note":"","_monsterinsights_sitenote_category":0,"footnotes":""},"class_list":["post-331","page","type-page","status-publish","hentry"],"_links":{"self":[{"href":"https:\/\/www.hotel-bitov.cz\/index.php?rest_route=\/wp\/v2\/pages\/331","targetHints":{"allow":["GET"]}}],"collection":[{"href":"https:\/\/www.hotel-bitov.cz\/index.php?rest_route=\/wp\/v2\/pages"}],"about":[{"href":"https:\/\/www.hotel-bitov.cz\/index.php?rest_route=\/wp\/v2\/types\/page"}],"author":[{"embeddable":true,"href":"https:\/\/www.hotel-bitov.cz\/index.php?rest_route=\/wp\/v2\/users\/1"}],"replies":[{"embeddable":true,"href":"https:\/\/www.hotel-bitov.cz\/index.php?rest_route=%2Fwp%2Fv2%2Fcomments&post=331"}],"version-history":[{"count":14,"href":"https:\/\/www.hotel-bitov.cz\/index.php?rest_route=\/wp\/v2\/pages\/331\/revisions"}],"predecessor-version":[{"id":1482,"href":"https:\/\/www.hotel-bitov.cz\/index.php?rest_route=\/wp\/v2\/pages\/331\/revisions\/1482"}],"wp:attachment":[{"href":"https:\/\/www.hotel-bitov.cz\/index.php?rest_route=%2Fwp%2Fv2%2Fmedia&parent=331"}],"curies":[{"name":"wp","href":"https:\/\/api.w.org\/{rel}","templated":true}]}}