{"id":24,"date":"2017-01-10T18:27:26","date_gmt":"2017-01-10T17:27:26","guid":{"rendered":"http:\/\/www.hotel-bitov.cz\/?page_id=24"},"modified":"2026-04-19T13:18:08","modified_gmt":"2026-04-19T11:18:08","slug":"hotel-2-2-2","status":"publish","type":"page","link":"https:\/\/www.hotel-bitov.cz\/","title":{"rendered":"HOTEL"},"content":{"rendered":"<table style=\"width: 100%; border-collapse: collapse; border-color: #000000; background-color: #4de382;\" border=\"1\" cellspacing=\"1\" cellpadding=\"1\">\n<tbody>\n<tr>\n<td style=\"width: 25%; border-color: #000000; background-color: #4de382; text-align: center;\"><strong><span style=\"color: #000000;\"><a href=\"https:\/\/www.lazne-bitov.cz\/?page_id=377\">L\u00e1ze\u0148sk\u00fd t\u00fdden na B\u00edtov\u011b<\/a><\/span><\/strong><\/td>\n<td style=\"width: 25%; border-color: #000000; background-color: #7eedbd; text-align: center;\"><a href=\"https:\/\/www.lazne-bitov.cz\/?page_id=387\"><strong>Jarn\u00ed rekondi\u010dn\u00ed pobyt<\/strong><\/a><\/td>\n<td style=\"width: 25%; border-color: #000000; background-color: #4de382; text-align: center;\"><a href=\"https:\/\/www.lazne-bitov.cz\/?page_id=402\"><strong>V\u00edkendov\u00fd relax<\/strong><\/a><\/td>\n<td style=\"width: 25%; border-color: #000000; background-color: #7eedbd; text-align: center;\"><strong><a href=\"https:\/\/www.lazne-bitov.cz\/?page_id=411\">L\u00e1zn\u011b na zkou\u0161ku<\/a><\/strong><\/td>\n<\/tr>\n<\/tbody>\n<\/table>\n<p style=\"text-align: center;\"><a href=\"https:\/\/www.lazne-bitov.cz\/?page_id=402\">AK\u010cN\u00cd SLEVA NA LAST MINUTE V\u00cdKENDOVKY KON\u010c\u00cd :<\/a>&nbsp;<img decoding=\"async\" src=\"https:\/\/gifcdn.com\/32d1g68p3cb9l6so30c1o.gif\" alt=\"mailtimers.com\"><\/p>\n<p><img fetchpriority=\"high\" decoding=\"async\" class=\"alignnone wp-image-1862 size-medium\" src=\"http:\/\/www.hotel-bitov.cz\/wp-content\/uploads\/2023\/05\/IMG_20220520_105322-933x700.jpg\" alt=\"\" width=\"933\" height=\"700\" srcset=\"https:\/\/www.hotel-bitov.cz\/wp-content\/uploads\/2023\/05\/IMG_20220520_105322-933x700.jpg 933w, https:\/\/www.hotel-bitov.cz\/wp-content\/uploads\/2023\/05\/IMG_20220520_105322-1267x950.jpg 1267w, https:\/\/www.hotel-bitov.cz\/wp-content\/uploads\/2023\/05\/IMG_20220520_105322-1536x1152.jpg 1536w\" sizes=\"(max-width: 933px) 100vw, 933px\" \/><\/p>\n<p><span style=\"color: #333333;\"><em>Hotel B\u00edtov *** se nach\u00e1z\u00ed na pomez\u00ed kraj\u016f Jihomoravsk\u00e9ho a kraje Vyso\u010dina na sam\u00e9m z\u00e1v\u011bru Vranovsk\u00e9 p\u0159ehrady. \u010cist\u00e1 a dech berouc\u00ed n\u00e1dhern\u00e1 okoln\u00ed p\u0159\u00edroda nab\u00edz\u00ed nep\u0159ebern\u00e9 mo\u017enosti vy\u017eit\u00ed &#8211; od p\u011b\u0161\u00edch t\u00far, cyklistick\u00fdch v\u00fdlet\u016f, a\u017e po t\u00e9matick\u00e1 putov\u00e1n\u00ed po historick\u00fdch pam\u00e1tk\u00e1ch. V sam\u00e9 bl\u00edzkosti hotelu m\u016f\u017eete nav\u0161t\u00edvit hrad B\u00edtov. Z dal\u0161\u00edch pam\u00e1tek v bl\u00edzk\u00e9m okol\u00ed je to pak z\u00e1mek Vranov nad Dyj\u00ed, z\u00e1mek v Uher\u010dic\u00edch nebo na opa\u010dn\u00e9 stran\u011b st\u00e1tn\u00ed hranice rakousk\u00fd z\u00e1mek Riegersburg \u010di poh\u00e1dkov\u00fd hrad Hardegg. Na Vranovsk\u00e9 p\u0159ehrad\u011b, kter\u00e1 je vzd\u00e1len\u00e1 350 metr\u016f od hotelu m\u016f\u017eete podniknout v\u00fdlet na vyhl\u00eddkov\u00e9 lodi, \u010di vyu\u017e\u00edt vodn\u00ed hladiny k rozli\u010dn\u00fdm vodn\u00edm sport\u016fm. N\u00e1\u0161 neku\u0159\u00e1ck\u00fd hotel disponuje 35 pokoji s 95 pevn\u00fdmi l\u016f\u017eky.<\/em><\/span><\/p>\n<p align=\"justify\"><span style=\"color: #000000;\"><strong>&nbsp;<\/strong><\/span><\/p>\n","protected":false},"excerpt":{"rendered":"<p>L\u00e1ze\u0148sk\u00fd t\u00fdden na B\u00edtov\u011b Jarn\u00ed rekondi\u010dn\u00ed pobyt V\u00edkendov\u00fd relax L\u00e1zn\u011b na zkou\u0161ku AK\u010cN\u00cd SLEVA NA LAST MINUTE V\u00cdKENDOVKY KON\u010c\u00cd :&nbsp; Hotel B\u00edtov *** se nach\u00e1z\u00ed na pomez\u00ed kraj\u016f Jihomoravsk\u00e9ho a kraje Vyso\u010dina na sam\u00e9m&#46;&#46;&#46;<\/p>\n","protected":false},"author":1,"featured_media":1708,"parent":0,"menu_order":0,"comment_status":"closed","ping_status":"closed","template":"","meta":{"ngg_post_thumbnail":0,"_monsterinsights_skip_tracking":false,"_monsterinsights_sitenote_active":false,"_monsterinsights_sitenote_note":"","_monsterinsights_sitenote_category":0,"footnotes":""},"class_list":["post-24","page","type-page","status-publish","has-post-thumbnail","hentry"],"_links":{"self":[{"href":"https:\/\/www.hotel-bitov.cz\/index.php?rest_route=\/wp\/v2\/pages\/24","targetHints":{"allow":["GET"]}}],"collection":[{"href":"https:\/\/www.hotel-bitov.cz\/index.php?rest_route=\/wp\/v2\/pages"}],"about":[{"href":"https:\/\/www.hotel-bitov.cz\/index.php?rest_route=\/wp\/v2\/types\/page"}],"author":[{"embeddable":true,"href":"https:\/\/www.hotel-bitov.cz\/index.php?rest_route=\/wp\/v2\/users\/1"}],"replies":[{"embeddable":true,"href":"https:\/\/www.hotel-bitov.cz\/index.php?rest_route=%2Fwp%2Fv2%2Fcomments&post=24"}],"version-history":[{"count":111,"href":"https:\/\/www.hotel-bitov.cz\/index.php?rest_route=\/wp\/v2\/pages\/24\/revisions"}],"predecessor-version":[{"id":2540,"href":"https:\/\/www.hotel-bitov.cz\/index.php?rest_route=\/wp\/v2\/pages\/24\/revisions\/2540"}],"wp:featuredmedia":[{"embeddable":true,"href":"https:\/\/www.hotel-bitov.cz\/index.php?rest_route=\/wp\/v2\/media\/1708"}],"wp:attachment":[{"href":"https:\/\/www.hotel-bitov.cz\/index.php?rest_route=%2Fwp%2Fv2%2Fmedia&parent=24"}],"curies":[{"name":"wp","href":"https:\/\/api.w.org\/{rel}","templated":true}]}}