{"id":1773,"date":"2023-12-16T15:09:45","date_gmt":"2023-12-16T14:09:45","guid":{"rendered":"http:\/\/www.hotel-bitov.cz\/?page_id=1773"},"modified":"2025-12-18T13:53:22","modified_gmt":"2025-12-18T12:53:22","slug":"silvestrovska-noc-bitove","status":"publish","type":"page","link":"https:\/\/www.hotel-bitov.cz\/?page_id=1773","title":{"rendered":"Silvestrovsk\u00e1 noc na B\u00edtov\u011b"},"content":{"rendered":"<p>P\u0159ije\u010fte oslavit Silvestra a Nov\u00fd rok do o\u00e1zy klidu a \u010dist\u00e9 p\u0159\u00edrody na hotel B\u00edtov. \u010cek\u00e1 V\u00e1s mimo\u0159\u00e1dn\u00e1 silvestrovsk\u00e1 proch\u00e1zka na hrad B\u00edtov a dal\u0161\u00ed nezapomenuteln\u00e1 silvestrovsk\u00e1 p\u00e1try &#8222;BAREVN\u00dd SILVESTR&#8220;. Najd\u011bte tedy ve Va\u0161em \u0161atn\u00edku ty nejbarevn\u011bj\u0161\u00ed a nejt\u0159pytiv\u011bj\u0161\u00ed kousky, a\u0165 spole\u010dn\u011b v oslniv\u00e9 z\u00e1\u0159i barev p\u0159iv\u00edt\u00e1me nov\u00fd rok.&nbsp;<\/p>\n<p><img fetchpriority=\"high\" decoding=\"async\" class=\"alignnone wp-image-2480 size-medium\" src=\"http:\/\/www.hotel-bitov.cz\/wp-content\/uploads\/2025\/11\/Sivestr-noc-25-baner-1200x320.jpg\" alt=\"\" width=\"1200\" height=\"320\" srcset=\"https:\/\/www.hotel-bitov.cz\/wp-content\/uploads\/2025\/11\/Sivestr-noc-25-baner-1200x320.jpg 1200w, https:\/\/www.hotel-bitov.cz\/wp-content\/uploads\/2025\/11\/Sivestr-noc-25-baner-1536x410.jpg 1536w, https:\/\/www.hotel-bitov.cz\/wp-content\/uploads\/2025\/11\/Sivestr-noc-25-baner-2048x546.jpg 2048w\" sizes=\"(max-width: 1200px) 100vw, 1200px\" \/><\/p>\n<p>Cena pobytu je za 1 osobu K\u010d 1790,- a obsahuje:<\/p>\n<ul>\n<li>ubytov\u00e1n\u00ed ve dvou, t\u0159\u00ed a \u010dty\u0159l\u016f\u017ekov\u00fdch pokoj\u00edch dle p\u0159\u00e1n\u00ed<\/li>\n<li>sklenka v\u00edna na uv\u00edtanou<\/li>\n<li>1 x serv\u00edrovan\u00e1 t\u0159\u00edchodov\u00e1 ve\u010de\u0159e<\/li>\n<li>1 x sn\u00eddan\u011b formou bufetu<\/li>\n<li>proch\u00e1zka na &#8220; SIVESTROVSK\u00dd HRAD B\u00cdTOV &#8222;na sklenku sva\u0159en\u00e9ho v\u00edna nebo pun\u010de<\/li>\n<li>silvestrovsk\u00fd ve\u010der v hotelov\u00e9 vin\u00e1rn\u011b s programem, p\u016flno\u010dn\u00edm p\u0159\u00edpitkem a mal\u00fdm ob\u010derstven\u00edm<\/li>\n<li>zdarma vyu\u017eit\u00ed hotelov\u00e9ho parkovi\u0161t\u011b<\/li>\n<li>zdarma wifi p\u0159ipojen\u00ed v cel\u00e9m hotelu<\/li>\n<\/ul>\n<p>&nbsp;&nbsp; Mo\u017enost dokoupen\u00ed v\u00edce noc\u00ed v term\u00ednu od 27.12.2025 za zv\u00fdhodn\u011bnou cenu K\u010d 890,-\/osoba a noc s polopenz\u00ed.&nbsp;&nbsp;&nbsp;&nbsp;&nbsp;&nbsp;&nbsp;&nbsp;&nbsp;&nbsp;&nbsp;&nbsp;&nbsp;&nbsp;&nbsp;&nbsp;&nbsp;&nbsp;&nbsp;&nbsp;&nbsp;&nbsp;&nbsp;&nbsp;&nbsp;&nbsp;&nbsp;&nbsp;&nbsp;&nbsp;&nbsp;&nbsp;&nbsp;&nbsp;&nbsp;&nbsp;&nbsp;&nbsp;&nbsp;&nbsp;&nbsp;&nbsp;&nbsp;&nbsp;&nbsp;&nbsp;&nbsp;&nbsp;&nbsp;&nbsp;&nbsp;&nbsp;&nbsp;&nbsp;&nbsp;&nbsp;&nbsp;&nbsp;&nbsp;&nbsp;&nbsp;&nbsp;&nbsp;&nbsp;&nbsp;&nbsp;<\/p>\n","protected":false},"excerpt":{"rendered":"<p>P\u0159ije\u010fte oslavit Silvestra a Nov\u00fd rok do o\u00e1zy klidu a \u010dist\u00e9 p\u0159\u00edrody na hotel B\u00edtov. \u010cek\u00e1 V\u00e1s mimo\u0159\u00e1dn\u00e1 silvestrovsk\u00e1 proch\u00e1zka na hrad B\u00edtov a dal\u0161\u00ed nezapomenuteln\u00e1 silvestrovsk\u00e1 p\u00e1try &#8222;BAREVN\u00dd SILVESTR&#8220;. Najd\u011bte tedy ve Va\u0161em&#46;&#46;&#46;<\/p>\n","protected":false},"author":1,"featured_media":0,"parent":0,"menu_order":0,"comment_status":"closed","ping_status":"closed","template":"","meta":{"ngg_post_thumbnail":0,"_monsterinsights_skip_tracking":false,"_monsterinsights_sitenote_active":false,"_monsterinsights_sitenote_note":"","_monsterinsights_sitenote_category":0,"footnotes":""},"class_list":["post-1773","page","type-page","status-publish","hentry"],"_links":{"self":[{"href":"https:\/\/www.hotel-bitov.cz\/index.php?rest_route=\/wp\/v2\/pages\/1773","targetHints":{"allow":["GET"]}}],"collection":[{"href":"https:\/\/www.hotel-bitov.cz\/index.php?rest_route=\/wp\/v2\/pages"}],"about":[{"href":"https:\/\/www.hotel-bitov.cz\/index.php?rest_route=\/wp\/v2\/types\/page"}],"author":[{"embeddable":true,"href":"https:\/\/www.hotel-bitov.cz\/index.php?rest_route=\/wp\/v2\/users\/1"}],"replies":[{"embeddable":true,"href":"https:\/\/www.hotel-bitov.cz\/index.php?rest_route=%2Fwp%2Fv2%2Fcomments&post=1773"}],"version-history":[{"count":9,"href":"https:\/\/www.hotel-bitov.cz\/index.php?rest_route=\/wp\/v2\/pages\/1773\/revisions"}],"predecessor-version":[{"id":2504,"href":"https:\/\/www.hotel-bitov.cz\/index.php?rest_route=\/wp\/v2\/pages\/1773\/revisions\/2504"}],"wp:attachment":[{"href":"https:\/\/www.hotel-bitov.cz\/index.php?rest_route=%2Fwp%2Fv2%2Fmedia&parent=1773"}],"curies":[{"name":"wp","href":"https:\/\/api.w.org\/{rel}","templated":true}]}}