{"id":1532,"date":"2022-02-18T10:42:15","date_gmt":"2022-02-18T09:42:15","guid":{"rendered":"http:\/\/www.hotel-bitov.cz\/?page_id=1532"},"modified":"2026-02-12T16:08:21","modified_gmt":"2026-02-12T15:08:21","slug":"velikonocni-relax-bitove","status":"publish","type":"page","link":"https:\/\/www.hotel-bitov.cz\/?page_id=1532","title":{"rendered":"VELIKONO\u010cN\u00cd  RELAX NA B\u00cdTOV\u011a"},"content":{"rendered":"<p>V r\u00e1mci velikono\u010dn\u00edho pobytu na hotelu B\u00edtov m\u016f\u017eete str\u00e1vit \u010das proch\u00e1zkami po okoln\u00ed p\u0159\u00edrod\u011b. Na hrad\u011b B\u00edtov si prohl\u00e9dnete n\u00e1dvo\u0159\u00ed, hradn\u00ed kapli a zahradu, zaj\u00edt tak\u00e9 m\u016f\u017eete k nedalek\u00e9 Hradn\u00ed stud\u00e1nce, na Slam\u011bn\u00fd most \u010di k Jez\u00edrku l\u00e1sky. V hotelov\u00e9 restauraci si pak vychutn\u00e1te skv\u011bl\u00e9 velikono\u010dn\u00ed menu. V cen\u011b tohoto pobytu jsou dv\u011b balneo terapie a jedna termo terapie. Pokud by V\u00e1m tato z\u00e1kladn\u00ed nab\u00eddka na zrelaxov\u00e1n\u00ed nesta\u010dila, m\u016f\u017eete si samoz\u0159ejm\u011b dokoupit procedury z na\u0161\u00ed nab\u00eddky.<\/p>\n<p><img fetchpriority=\"high\" decoding=\"async\" class=\"alignnone size-medium wp-image-1426\" src=\"http:\/\/www.hotel-bitov.cz\/wp-content\/uploads\/2020\/01\/velikonoce-FB-1200x410.jpg\" alt=\"\" width=\"1200\" height=\"410\" srcset=\"https:\/\/www.hotel-bitov.cz\/wp-content\/uploads\/2020\/01\/velikonoce-FB-1200x410.jpg 1200w, https:\/\/www.hotel-bitov.cz\/wp-content\/uploads\/2020\/01\/velikonoce-FB-1536x525.jpg 1536w, https:\/\/www.hotel-bitov.cz\/wp-content\/uploads\/2020\/01\/velikonoce-FB.jpg 1920w\" sizes=\"(max-width: 1200px) 100vw, 1200px\" \/><\/p>\n<p><strong>Bal\u00ed\u010dek obsahuje:<\/strong><\/p>\n<ul>\n<li>ubytov\u00e1n\u00ed ve dvoul\u016f\u017ekov\u00fdch a t\u0159\u00edl\u016f\u017ekov\u00fdch pokoj\u00edch dle p\u0159\u00e1n\u00ed<\/li>\n<li>voliteln\u00fd po\u010det noc\u00ed v term\u00ednu 2.4. &#8211; 6.4.2026<\/li>\n<li>sklenka v\u00edna na uv\u00edtanou<\/li>\n<li>t\u0159\u00edchodov\u00e9 velikono\u010dn\u00ed menu<\/li>\n<li>sn\u00eddan\u011b formou bufetu<\/li>\n<li>t\u0159\u00edchodov\u00e1 serv\u00edrovan\u00e1 ve\u010de\u0159e<\/li>\n<li>vstup do hradu \u2013 prohl\u00eddka n\u00e1dvo\u0159\u00ed, zahrady barona Haase se zv\u00ed\u0159aty a kaple<\/li>\n<li>dv\u011b balneo terapie<\/li>\n<li>jedna termo terapie<\/li>\n<li>zdarma vyu\u017eit\u00ed hotelov\u00e9ho parkovi\u0161t\u011b<\/li>\n<li>zdarma wifi p\u0159ipojen\u00ed v cel\u00e9m hotelu<\/li>\n<\/ul>\n<p><strong>Uveden\u00e1 cena je za osobu.<\/strong><\/p>\n<p>Lze objednat na libovoln\u00fd po\u010det noc\u00ed v term\u00ednu 2.- 6.4.2026<\/p>\n<ul>\n<li>Pobyt na 1 noc&nbsp; &nbsp; &nbsp; &nbsp; &nbsp; &nbsp; &nbsp; &nbsp; &nbsp; &nbsp; &nbsp; : K\u010d&nbsp; 2130,-\/os.&nbsp;<\/li>\n<li>Pobyt na 2 noci &nbsp; &nbsp; &nbsp; &nbsp; &nbsp; &nbsp; &nbsp; &nbsp; &nbsp; &nbsp; : K\u010d 2960,-\/os.<\/li>\n<li>Pobyt na 3 noci &nbsp; &nbsp; &nbsp; &nbsp; &nbsp; &nbsp; &nbsp; &nbsp; &nbsp; &nbsp; : K\u010d 3790,-\/os.&nbsp;<\/li>\n<li>Pobyt na 4 noci &nbsp; &nbsp; &nbsp; &nbsp; &nbsp; &nbsp; &nbsp; &nbsp; &nbsp; &nbsp; : K\u010d 4520,-\/os.&nbsp;&nbsp;<\/li>\n<\/ul>\n<p>&nbsp;<\/p>\n<p>&nbsp;<\/p>\n<p>&nbsp;<\/p>\n<p>&nbsp;<\/p>\n","protected":false},"excerpt":{"rendered":"<p>V r\u00e1mci velikono\u010dn\u00edho pobytu na hotelu B\u00edtov m\u016f\u017eete str\u00e1vit \u010das proch\u00e1zkami po okoln\u00ed p\u0159\u00edrod\u011b. Na hrad\u011b B\u00edtov si prohl\u00e9dnete n\u00e1dvo\u0159\u00ed, hradn\u00ed kapli a zahradu, zaj\u00edt tak\u00e9 m\u016f\u017eete k nedalek\u00e9 Hradn\u00ed stud\u00e1nce, na Slam\u011bn\u00fd most&#46;&#46;&#46;<\/p>\n","protected":false},"author":1,"featured_media":1426,"parent":42,"menu_order":3,"comment_status":"closed","ping_status":"closed","template":"","meta":{"ngg_post_thumbnail":0,"_monsterinsights_skip_tracking":false,"_monsterinsights_sitenote_active":false,"_monsterinsights_sitenote_note":"","_monsterinsights_sitenote_category":0,"footnotes":""},"class_list":["post-1532","page","type-page","status-publish","has-post-thumbnail","hentry"],"_links":{"self":[{"href":"https:\/\/www.hotel-bitov.cz\/index.php?rest_route=\/wp\/v2\/pages\/1532","targetHints":{"allow":["GET"]}}],"collection":[{"href":"https:\/\/www.hotel-bitov.cz\/index.php?rest_route=\/wp\/v2\/pages"}],"about":[{"href":"https:\/\/www.hotel-bitov.cz\/index.php?rest_route=\/wp\/v2\/types\/page"}],"author":[{"embeddable":true,"href":"https:\/\/www.hotel-bitov.cz\/index.php?rest_route=\/wp\/v2\/users\/1"}],"replies":[{"embeddable":true,"href":"https:\/\/www.hotel-bitov.cz\/index.php?rest_route=%2Fwp%2Fv2%2Fcomments&post=1532"}],"version-history":[{"count":8,"href":"https:\/\/www.hotel-bitov.cz\/index.php?rest_route=\/wp\/v2\/pages\/1532\/revisions"}],"predecessor-version":[{"id":2523,"href":"https:\/\/www.hotel-bitov.cz\/index.php?rest_route=\/wp\/v2\/pages\/1532\/revisions\/2523"}],"up":[{"embeddable":true,"href":"https:\/\/www.hotel-bitov.cz\/index.php?rest_route=\/wp\/v2\/pages\/42"}],"wp:featuredmedia":[{"embeddable":true,"href":"https:\/\/www.hotel-bitov.cz\/index.php?rest_route=\/wp\/v2\/media\/1426"}],"wp:attachment":[{"href":"https:\/\/www.hotel-bitov.cz\/index.php?rest_route=%2Fwp%2Fv2%2Fmedia&parent=1532"}],"curies":[{"name":"wp","href":"https:\/\/api.w.org\/{rel}","templated":true}]}}