{"id":1531,"date":"2022-02-18T10:47:40","date_gmt":"2022-02-18T09:47:40","guid":{"rendered":"http:\/\/www.hotel-bitov.cz\/?page_id=1531"},"modified":"2026-02-12T16:52:52","modified_gmt":"2026-02-12T15:52:52","slug":"velikonoce-bitovskem-panstvi","status":"publish","type":"page","link":"https:\/\/www.hotel-bitov.cz\/?page_id=1531","title":{"rendered":"VELIKONOCE NA B\u00cdTOVSK\u00c9M PANSTV\u00cd"},"content":{"rendered":"<p><strong>V r\u00e1mci velikono\u010dn\u00edho pobytu na hotelu B\u00edtov m\u016f\u017eete nav\u0161t\u00edvit hrad B\u00edtov a dozv\u011bd\u011bt se o zvyc\u00edch a oslav\u00e1ch Velikonoc ve zdej\u0161\u00edm kraji.<\/strong><\/p>\n<section id=\"PackageParameters\" class=\"column\">\n<div class=\"description\">\n<p class=\"text\">V r\u00e1mci velikono\u010dn\u00edho pobytu na hotelu B\u00edtov m\u016f\u017eete nav\u0161t\u00edvit hrad B\u00edtov a dozv\u011bd\u011bt se o zvyc\u00edch a oslav\u00e1ch Velikonoc ve zdej\u0161\u00edm kraji. Pobyt zahrnuje&nbsp; prohl\u00eddku velikono\u010dn\u011b vyzdoben\u00e9ho hradn\u00edho pal\u00e1ce s ochutn\u00e1vkou dobov\u00fdch velikono\u010dn\u00edch specialit p\u0159ipravovan\u00fdch p\u0159\u00edmo v hradn\u00ed kuchyni na kachlov\u00e9m spor\u00e1ku a otev\u0159en\u00e9m krbu.<\/p>\n<\/div>\n<\/section>\n<p><strong>&nbsp;<\/strong><\/p>\n<p><img fetchpriority=\"high\" decoding=\"async\" class=\"alignnone size-full wp-image-1427\" src=\"http:\/\/www.hotel-bitov.cz\/wp-content\/uploads\/2020\/01\/velikonove-e1579527295373.jpg\" alt=\"\" width=\"730\" height=\"226\"><\/p>\n<p><strong>Bal\u00ed\u010dek obsahuje:<\/strong><\/p>\n<ul>\n<li>ubytov\u00e1n\u00ed ve dvoul\u016f\u017ekov\u00fdch a t\u0159\u00edl\u016f\u017ekov\u00fdch pokoj\u00edch dle p\u0159\u00e1n\u00ed<\/li>\n<li>voliteln\u00fd po\u010det noc\u00ed v term\u00ednu 2.- 6.4.2026<\/li>\n<li>sklenka v\u00edna na uv\u00edtanou<\/li>\n<li>t\u0159\u00edchodov\u00e9 velikono\u010dn\u00ed menu<\/li>\n<li>sn\u00eddan\u011b formou bufetu<\/li>\n<li>vstup do hradu \u2013 prohl\u00eddka n\u00e1dvo\u0159\u00ed, zahrady barona Haase se zv\u00ed\u0159aty a kaple<\/li>\n<li>prohl\u00eddka hradn\u00edho pal\u00e1ce a hradn\u00ed kuchyn\u011b s mo\u017enost\u00ed ochutn\u00e1n\u00ed dobov\u00fdch velikono\u010dn\u00edch pokrm\u016f<\/li>\n<li>zdarma vyu\u017eit\u00ed hotelov\u00e9ho parkovi\u0161t\u011b<\/li>\n<li>zdarma wifi p\u0159ipojen\u00ed v cel\u00e9m hotelu<\/li>\n<\/ul>\n<p><strong>Uveden\u00e1 cena je za osobu.<\/strong><\/p>\n<ul>\n<li>Lze objednat na libovoln\u00fd po\u010det noc\u00ed v term\u00ednu 2.- 6.4.2026<\/li>\n<li>Pobyt na 1 noc&nbsp; &nbsp; &nbsp; &nbsp; &nbsp; &nbsp; &nbsp; &nbsp; &nbsp; &nbsp; &nbsp; : K\u010d&nbsp; 1480,-\/os.<\/li>\n<li>Pobyt na 2 noci&nbsp; &nbsp; &nbsp; &nbsp; &nbsp; &nbsp; &nbsp; &nbsp; &nbsp; &nbsp;&nbsp; : K\u010d 2310,-\/os.&nbsp;&nbsp;<\/li>\n<li>Pobyt na 3 noci&nbsp;&nbsp;&nbsp;&nbsp;&nbsp;&nbsp;&nbsp;&nbsp;&nbsp;&nbsp;&nbsp;&nbsp;&nbsp;&nbsp;&nbsp;&nbsp;&nbsp;&nbsp;&nbsp;&nbsp; : K\u010d 3240,-\/os.<\/li>\n<li>Pobyt na 4 noci&nbsp;&nbsp;&nbsp;&nbsp;&nbsp;&nbsp;&nbsp;&nbsp;&nbsp;&nbsp;&nbsp;&nbsp;&nbsp;&nbsp;&nbsp;&nbsp;&nbsp;&nbsp;&nbsp;&nbsp; : K\u010d 3970,-\/os.<\/li>\n<\/ul>\n<p>&nbsp;<\/p>\n<p>&nbsp;<\/p>\n<p>&nbsp;<\/p>\n","protected":false},"excerpt":{"rendered":"<p>V r\u00e1mci velikono\u010dn\u00edho pobytu na hotelu B\u00edtov m\u016f\u017eete nav\u0161t\u00edvit hrad B\u00edtov a dozv\u011bd\u011bt se o zvyc\u00edch a oslav\u00e1ch Velikonoc ve zdej\u0161\u00edm kraji. V r\u00e1mci velikono\u010dn\u00edho pobytu na hotelu B\u00edtov m\u016f\u017eete nav\u0161t\u00edvit hrad B\u00edtov a&#46;&#46;&#46;<\/p>\n","protected":false},"author":1,"featured_media":1427,"parent":0,"menu_order":2,"comment_status":"closed","ping_status":"closed","template":"","meta":{"ngg_post_thumbnail":0,"_monsterinsights_skip_tracking":false,"_monsterinsights_sitenote_active":false,"_monsterinsights_sitenote_note":"","_monsterinsights_sitenote_category":0,"footnotes":""},"class_list":["post-1531","page","type-page","status-publish","has-post-thumbnail","hentry"],"_links":{"self":[{"href":"https:\/\/www.hotel-bitov.cz\/index.php?rest_route=\/wp\/v2\/pages\/1531","targetHints":{"allow":["GET"]}}],"collection":[{"href":"https:\/\/www.hotel-bitov.cz\/index.php?rest_route=\/wp\/v2\/pages"}],"about":[{"href":"https:\/\/www.hotel-bitov.cz\/index.php?rest_route=\/wp\/v2\/types\/page"}],"author":[{"embeddable":true,"href":"https:\/\/www.hotel-bitov.cz\/index.php?rest_route=\/wp\/v2\/users\/1"}],"replies":[{"embeddable":true,"href":"https:\/\/www.hotel-bitov.cz\/index.php?rest_route=%2Fwp%2Fv2%2Fcomments&post=1531"}],"version-history":[{"count":7,"href":"https:\/\/www.hotel-bitov.cz\/index.php?rest_route=\/wp\/v2\/pages\/1531\/revisions"}],"predecessor-version":[{"id":2524,"href":"https:\/\/www.hotel-bitov.cz\/index.php?rest_route=\/wp\/v2\/pages\/1531\/revisions\/2524"}],"wp:featuredmedia":[{"embeddable":true,"href":"https:\/\/www.hotel-bitov.cz\/index.php?rest_route=\/wp\/v2\/media\/1427"}],"wp:attachment":[{"href":"https:\/\/www.hotel-bitov.cz\/index.php?rest_route=%2Fwp%2Fv2%2Fmedia&parent=1531"}],"curies":[{"name":"wp","href":"https:\/\/api.w.org\/{rel}","templated":true}]}}