{"id":1514,"date":"2021-02-03T10:59:06","date_gmt":"2021-02-03T09:59:06","guid":{"rendered":"http:\/\/www.hotel-bitov.cz\/?page_id=1514"},"modified":"2021-02-03T13:18:55","modified_gmt":"2021-02-03T12:18:55","slug":"1514-2","status":"publish","type":"page","link":"https:\/\/www.hotel-bitov.cz\/?page_id=1514&lang=de","title":{"rendered":""},"content":{"rendered":"<p><span class=\"VIiyi\" lang=\"de\"><span class=\"JLqJ4b ChMk0b\" data-language-for-alternatives=\"de\" data-language-to-translate-into=\"cs\" data-phrase-index=\"0\">Das Hotel B\u00edtov *** befindet sich an der Grenze der Regionen S\u00fcdm\u00e4hren und Vyso\u010dina ganz am Ende des Vranov-Staudamms.<\/span> <span class=\"JLqJ4b ChMk0b\" data-language-for-alternatives=\"de\" data-language-to-translate-into=\"cs\" data-phrase-index=\"1\">Die saubere und atemberaubend sch\u00f6ne Natur bietet endlose M\u00f6glichkeiten &#8211; vom Wandern, Radfahren bis hin zu Themenausfl\u00fcgen zu historischen Denkm\u00e4lern.<\/span> <span class=\"JLqJ4b ChMk0b\" data-language-for-alternatives=\"de\" data-language-to-translate-into=\"cs\" data-phrase-index=\"2\">In unmittelbarer N\u00e4he des Hotels k\u00f6nnen Sie das Schloss B\u00edtov besuchen.<\/span> <span class=\"JLqJ4b ChMk0b\" data-language-for-alternatives=\"de\" data-language-to-translate-into=\"cs\" data-phrase-index=\"3\">Weitere Denkm\u00e4ler in der Umgebung sind die Burg Vranov nad Dyj\u00ed, die Burg in Uher\u010dice oder auf der gegen\u00fcberliegenden Seite der Staatsgrenze die \u00f6sterreichische Burg Riegersburg oder die M\u00e4rchenburg Hardegg.<\/span> <span class=\"JLqJ4b ChMk0b\" data-language-for-alternatives=\"de\" data-language-to-translate-into=\"cs\" data-phrase-index=\"4\">Auf dem 350 Meter vom Hotel entfernten Vranovsk\u00e1-Damm k\u00f6nnen Sie eine Bootsfahrt unternehmen oder den Wasserstand f\u00fcr verschiedene Wassersportarten nutzen.<\/span> <span class=\"JLqJ4b ChMk0b\" data-language-for-alternatives=\"de\" data-language-to-translate-into=\"cs\" data-phrase-index=\"5\">Unser Nichtraucherhotel verf\u00fcgt \u00fcber 35 Zimmer mit 95 Festbetten.<\/span><\/span><\/p>\n","protected":false},"excerpt":{"rendered":"<p>Das Hotel B\u00edtov *** befindet sich an der Grenze der Regionen S\u00fcdm\u00e4hren und Vyso\u010dina ganz am Ende des Vranov-Staudamms. Die saubere und atemberaubend sch\u00f6ne Natur bietet endlose M\u00f6glichkeiten &#8211; vom Wandern, Radfahren bis hin&#46;&#46;&#46;<\/p>\n","protected":false},"author":1,"featured_media":1708,"parent":0,"menu_order":0,"comment_status":"closed","ping_status":"closed","template":"","meta":{"ngg_post_thumbnail":0,"_monsterinsights_skip_tracking":false,"_monsterinsights_sitenote_active":false,"_monsterinsights_sitenote_note":"","_monsterinsights_sitenote_category":0,"footnotes":""},"class_list":["post-1514","page","type-page","status-publish","has-post-thumbnail","hentry"],"_links":{"self":[{"href":"https:\/\/www.hotel-bitov.cz\/index.php?rest_route=\/wp\/v2\/pages\/1514","targetHints":{"allow":["GET"]}}],"collection":[{"href":"https:\/\/www.hotel-bitov.cz\/index.php?rest_route=\/wp\/v2\/pages"}],"about":[{"href":"https:\/\/www.hotel-bitov.cz\/index.php?rest_route=\/wp\/v2\/types\/page"}],"author":[{"embeddable":true,"href":"https:\/\/www.hotel-bitov.cz\/index.php?rest_route=\/wp\/v2\/users\/1"}],"replies":[{"embeddable":true,"href":"https:\/\/www.hotel-bitov.cz\/index.php?rest_route=%2Fwp%2Fv2%2Fcomments&post=1514"}],"version-history":[{"count":3,"href":"https:\/\/www.hotel-bitov.cz\/index.php?rest_route=\/wp\/v2\/pages\/1514\/revisions"}],"predecessor-version":[{"id":1521,"href":"https:\/\/www.hotel-bitov.cz\/index.php?rest_route=\/wp\/v2\/pages\/1514\/revisions\/1521"}],"wp:featuredmedia":[{"embeddable":true,"href":"https:\/\/www.hotel-bitov.cz\/index.php?rest_route=\/wp\/v2\/media\/1708"}],"wp:attachment":[{"href":"https:\/\/www.hotel-bitov.cz\/index.php?rest_route=%2Fwp%2Fv2%2Fmedia&parent=1514"}],"curies":[{"name":"wp","href":"https:\/\/api.w.org\/{rel}","templated":true}]}}